{"id":46,"date":"2020-12-29T13:05:23","date_gmt":"2020-12-29T12:05:23","guid":{"rendered":"https:\/\/ccj-boulogne.com\/?page_id=46"},"modified":"2022-09-18T22:36:16","modified_gmt":"2022-09-18T20:36:16","slug":"achat-places","status":"publish","type":"page","link":"https:\/\/ccj-boulogne.com\/index.php\/achat-places\/","title":{"rendered":"Achat de places"},"content":{"rendered":"\n<p>Dans le cadre des op\u00e9rations de financement du Centre Culturel, nous proposons de financer les si\u00e8ges dans la Synagogue pour un prix unitaire de 2600\u20ac. Le paiement peut \u00eatre effectu\u00e9 en une fois ou en plusieurs fois : 200\u20ac sur 13 mois, 100\u20ac sur 26 mois, 50\u20ac sur 52 mois ou 25\u20ac sur 104 mois, ou toutes autres combinaisons possible.<\/p>\n\n\n<div class=\"wp-block-image\">\n<figure class=\"aligncenter size-full\"><img loading=\"lazy\" decoding=\"async\" width=\"800\" height=\"533\" src=\"https:\/\/ccj-boulogne.com\/wp-content\/uploads\/2022\/09\/ACJBB-CCJ92-Centre-Culturel-Juif-Boulogne-synagogue3-800.jpg\" alt=\"\" class=\"wp-image-340\" srcset=\"https:\/\/ccj-boulogne.com\/wp-content\/uploads\/2022\/09\/ACJBB-CCJ92-Centre-Culturel-Juif-Boulogne-synagogue3-800.jpg 800w, https:\/\/ccj-boulogne.com\/wp-content\/uploads\/2022\/09\/ACJBB-CCJ92-Centre-Culturel-Juif-Boulogne-synagogue3-800-300x200.jpg 300w, https:\/\/ccj-boulogne.com\/wp-content\/uploads\/2022\/09\/ACJBB-CCJ92-Centre-Culturel-Juif-Boulogne-synagogue3-800-768x512.jpg 768w, https:\/\/ccj-boulogne.com\/wp-content\/uploads\/2022\/09\/ACJBB-CCJ92-Centre-Culturel-Juif-Boulogne-synagogue3-800-360x240.jpg 360w\" sizes=\"auto, (max-width: 800px) 100vw, 800px\" \/><\/figure>\n<\/div>\n\n\n<p>L&rsquo;acquisition d&rsquo;une place permet aux donateurs d&rsquo;avoir leur nom sur la place qu&rsquo;ils auront choisie : \u00ab\u00a0<em>Cette place a \u00e9t\u00e9 offerte par M. XXX<\/em>\u00ab\u00a0. Le financement d&rsquo;une place n&rsquo;est cependant pas un droit d&rsquo;usage gratuit.<\/p>\n\n\n\n<p>La place est occup\u00e9e par celui qui la r\u00e9serve annuellement en tant que place de membre pour Kippour, pour un tarif annuel de 490\u20ac (comme \u00e0 la Synagogue de la rue des Abondances, payable en une ou plusieurs fois, 10 max). Une pr\u00e9f\u00e9rence est \u00e9videmment donn\u00e9e \u00e0 la personne qui a financ\u00e9 la place. Chaque place portera donc deux plaques, celle permanente du donateur et celle annuellement renouvelable du membre qui l&rsquo;occupe.<\/p>\n\n\n<div class=\"wp-block-image\">\n<figure class=\"aligncenter size-full\"><img loading=\"lazy\" decoding=\"async\" width=\"993\" height=\"688\" src=\"https:\/\/ccj-boulogne.com\/wp-content\/uploads\/2022\/01\/ACJBB-CCJ92-Centre-Culturel-Juif-Boulogne-reservations-places-20220118.jpg\" alt=\"\" class=\"wp-image-110\" srcset=\"https:\/\/ccj-boulogne.com\/wp-content\/uploads\/2022\/01\/ACJBB-CCJ92-Centre-Culturel-Juif-Boulogne-reservations-places-20220118.jpg 993w, https:\/\/ccj-boulogne.com\/wp-content\/uploads\/2022\/01\/ACJBB-CCJ92-Centre-Culturel-Juif-Boulogne-reservations-places-20220118-300x208.jpg 300w, https:\/\/ccj-boulogne.com\/wp-content\/uploads\/2022\/01\/ACJBB-CCJ92-Centre-Culturel-Juif-Boulogne-reservations-places-20220118-768x532.jpg 768w\" sizes=\"auto, (max-width: 993px) 100vw, 993px\" \/><\/figure>\n<\/div>\n\n\n<p>Quelques places ont d\u00e9j\u00e0 \u00e9t\u00e9 r\u00e9serv\u00e9es, ne tardez pas \u00e0 r\u00e9server la votre !!<\/p>\n\n\n\n<div class=\"wp-block-buttons is-horizontal is-content-justification-center is-layout-flex wp-container-core-buttons-is-layout-03627597 wp-block-buttons-is-layout-flex\">\n<div class=\"wp-block-button\"><a class=\"wp-block-button__link has-accent-background-color has-background\">Je reserve une place<\/a><\/div>\n<\/div>\n\n\n\n<p>Contactez-nous <a href=\"mailto:synamail@acjbb.com\" target=\"_blank\" rel=\"noreferrer noopener\">par mail<\/a> pour plus d&rsquo;informations.<\/p>\n\n\n\n<p><strong>Tizkou lemitsvoth<br>\u05ea\u05d6\u05db\u05d4 \u05dc\u05de\u05e6\u05d5\u05d5\u05ea<\/strong><\/p>\n","protected":false},"excerpt":{"rendered":"<p>Dans le cadre des op\u00e9rations de financement du Centre Culturel, nous proposons de financer les si\u00e8ges dans la Synagogue pour un prix unitaire de 2600\u20ac. Le paiement peut \u00eatre effectu\u00e9 en une fois ou en plusieurs fois : 200\u20ac sur 13 mois, 100\u20ac sur 26 mois, 50\u20ac sur 52 mois [&hellip;]<\/p>\n","protected":false},"author":1,"featured_media":340,"parent":0,"menu_order":0,"comment_status":"closed","ping_status":"closed","template":"","meta":{"_monsterinsights_skip_tracking":false,"_monsterinsights_sitenote_active":false,"_monsterinsights_sitenote_note":"","_monsterinsights_sitenote_category":0,"footnotes":""},"class_list":["post-46","page","type-page","status-publish","has-post-thumbnail","hentry"],"yoast_head":"<!-- This site is optimized with the Yoast SEO plugin v27.2 - https:\/\/yoast.com\/product\/yoast-seo-wordpress\/ -->\n<title>Achat de places - Le Centre Culturel Juif de Boulogne<\/title>\n<meta name=\"robots\" content=\"index, follow, max-snippet:-1, max-image-preview:large, max-video-preview:-1\" \/>\n<link rel=\"canonical\" href=\"https:\/\/ccj-boulogne.com\/index.php\/achat-places\/\" \/>\n<meta property=\"og:locale\" content=\"fr_FR\" \/>\n<meta property=\"og:type\" content=\"article\" \/>\n<meta property=\"og:title\" content=\"Achat de places - Le Centre Culturel Juif de Boulogne\" \/>\n<meta property=\"og:description\" content=\"Dans le cadre des op\u00e9rations de financement du Centre Culturel, nous proposons de financer les si\u00e8ges dans la Synagogue pour un prix unitaire de 2600\u20ac. Le paiement peut \u00eatre effectu\u00e9 en une fois ou en plusieurs fois : 200\u20ac sur 13 mois, 100\u20ac sur 26 mois, 50\u20ac sur 52 mois [&hellip;]\" \/>\n<meta property=\"og:url\" content=\"https:\/\/ccj-boulogne.com\/index.php\/achat-places\/\" \/>\n<meta property=\"og:site_name\" content=\"Le Centre Culturel Juif de Boulogne\" \/>\n<meta property=\"article:modified_time\" content=\"2022-09-18T20:36:16+00:00\" \/>\n<meta property=\"og:image\" content=\"https:\/\/ccj-boulogne.com\/wp-content\/uploads\/2022\/09\/ACJBB-CCJ92-Centre-Culturel-Juif-Boulogne-synagogue3-800.jpg\" \/>\n\t<meta property=\"og:image:width\" content=\"800\" \/>\n\t<meta property=\"og:image:height\" content=\"533\" \/>\n\t<meta property=\"og:image:type\" content=\"image\/jpeg\" \/>\n<meta name=\"twitter:card\" content=\"summary_large_image\" \/>\n<meta name=\"twitter:label1\" content=\"Dur\u00e9e de lecture estim\u00e9e\" \/>\n\t<meta name=\"twitter:data1\" content=\"2 minutes\" \/>\n<script type=\"application\/ld+json\" class=\"yoast-schema-graph\">{\"@context\":\"https:\/\/schema.org\",\"@graph\":[{\"@type\":\"WebPage\",\"@id\":\"https:\/\/ccj-boulogne.com\/index.php\/achat-places\/\",\"url\":\"https:\/\/ccj-boulogne.com\/index.php\/achat-places\/\",\"name\":\"Achat de places - Le Centre Culturel Juif de Boulogne\",\"isPartOf\":{\"@id\":\"https:\/\/ccj-boulogne.com\/#website\"},\"primaryImageOfPage\":{\"@id\":\"https:\/\/ccj-boulogne.com\/index.php\/achat-places\/#primaryimage\"},\"image\":{\"@id\":\"https:\/\/ccj-boulogne.com\/index.php\/achat-places\/#primaryimage\"},\"thumbnailUrl\":\"https:\/\/ccj-boulogne.com\/wp-content\/uploads\/2022\/09\/ACJBB-CCJ92-Centre-Culturel-Juif-Boulogne-synagogue3-800.jpg\",\"datePublished\":\"2020-12-29T12:05:23+00:00\",\"dateModified\":\"2022-09-18T20:36:16+00:00\",\"breadcrumb\":{\"@id\":\"https:\/\/ccj-boulogne.com\/index.php\/achat-places\/#breadcrumb\"},\"inLanguage\":\"fr-FR\",\"potentialAction\":[{\"@type\":\"ReadAction\",\"target\":[\"https:\/\/ccj-boulogne.com\/index.php\/achat-places\/\"]}]},{\"@type\":\"ImageObject\",\"inLanguage\":\"fr-FR\",\"@id\":\"https:\/\/ccj-boulogne.com\/index.php\/achat-places\/#primaryimage\",\"url\":\"https:\/\/ccj-boulogne.com\/wp-content\/uploads\/2022\/09\/ACJBB-CCJ92-Centre-Culturel-Juif-Boulogne-synagogue3-800.jpg\",\"contentUrl\":\"https:\/\/ccj-boulogne.com\/wp-content\/uploads\/2022\/09\/ACJBB-CCJ92-Centre-Culturel-Juif-Boulogne-synagogue3-800.jpg\",\"width\":800,\"height\":533},{\"@type\":\"BreadcrumbList\",\"@id\":\"https:\/\/ccj-boulogne.com\/index.php\/achat-places\/#breadcrumb\",\"itemListElement\":[{\"@type\":\"ListItem\",\"position\":1,\"name\":\"Accueil\",\"item\":\"https:\/\/ccj-boulogne.com\/\"},{\"@type\":\"ListItem\",\"position\":2,\"name\":\"Achat de places\"}]},{\"@type\":\"WebSite\",\"@id\":\"https:\/\/ccj-boulogne.com\/#website\",\"url\":\"https:\/\/ccj-boulogne.com\/\",\"name\":\"Le Centre Culturel Juif de Boulogne\",\"description\":\"Le Centre Culturel Juif de Boulogne\",\"publisher\":{\"@id\":\"https:\/\/ccj-boulogne.com\/#organization\"},\"potentialAction\":[{\"@type\":\"SearchAction\",\"target\":{\"@type\":\"EntryPoint\",\"urlTemplate\":\"https:\/\/ccj-boulogne.com\/?s={search_term_string}\"},\"query-input\":{\"@type\":\"PropertyValueSpecification\",\"valueRequired\":true,\"valueName\":\"search_term_string\"}}],\"inLanguage\":\"fr-FR\"},{\"@type\":\"Organization\",\"@id\":\"https:\/\/ccj-boulogne.com\/#organization\",\"name\":\"Le Centre Culturel Juif de Boulogne\",\"url\":\"https:\/\/ccj-boulogne.com\/\",\"logo\":{\"@type\":\"ImageObject\",\"inLanguage\":\"fr-FR\",\"@id\":\"https:\/\/ccj-boulogne.com\/#\/schema\/logo\/image\/\",\"url\":\"https:\/\/ccj-boulogne.com\/wp-content\/uploads\/2020\/12\/Logo-Centre-Cultrel-Juif-Boulogne-blanc.jpg\",\"contentUrl\":\"https:\/\/ccj-boulogne.com\/wp-content\/uploads\/2020\/12\/Logo-Centre-Cultrel-Juif-Boulogne-blanc.jpg\",\"width\":1575,\"height\":1575,\"caption\":\"Le Centre Culturel Juif de Boulogne\"},\"image\":{\"@id\":\"https:\/\/ccj-boulogne.com\/#\/schema\/logo\/image\/\"}}]}<\/script>\n<!-- \/ Yoast SEO plugin. -->","yoast_head_json":{"title":"Achat de places - Le Centre Culturel Juif de Boulogne","robots":{"index":"index","follow":"follow","max-snippet":"max-snippet:-1","max-image-preview":"max-image-preview:large","max-video-preview":"max-video-preview:-1"},"canonical":"https:\/\/ccj-boulogne.com\/index.php\/achat-places\/","og_locale":"fr_FR","og_type":"article","og_title":"Achat de places - Le Centre Culturel Juif de Boulogne","og_description":"Dans le cadre des op\u00e9rations de financement du Centre Culturel, nous proposons de financer les si\u00e8ges dans la Synagogue pour un prix unitaire de 2600\u20ac. Le paiement peut \u00eatre effectu\u00e9 en une fois ou en plusieurs fois : 200\u20ac sur 13 mois, 100\u20ac sur 26 mois, 50\u20ac sur 52 mois [&hellip;]","og_url":"https:\/\/ccj-boulogne.com\/index.php\/achat-places\/","og_site_name":"Le Centre Culturel Juif de Boulogne","article_modified_time":"2022-09-18T20:36:16+00:00","og_image":[{"width":800,"height":533,"url":"https:\/\/ccj-boulogne.com\/wp-content\/uploads\/2022\/09\/ACJBB-CCJ92-Centre-Culturel-Juif-Boulogne-synagogue3-800.jpg","type":"image\/jpeg"}],"twitter_card":"summary_large_image","twitter_misc":{"Dur\u00e9e de lecture estim\u00e9e":"2 minutes"},"schema":{"@context":"https:\/\/schema.org","@graph":[{"@type":"WebPage","@id":"https:\/\/ccj-boulogne.com\/index.php\/achat-places\/","url":"https:\/\/ccj-boulogne.com\/index.php\/achat-places\/","name":"Achat de places - Le Centre Culturel Juif de Boulogne","isPartOf":{"@id":"https:\/\/ccj-boulogne.com\/#website"},"primaryImageOfPage":{"@id":"https:\/\/ccj-boulogne.com\/index.php\/achat-places\/#primaryimage"},"image":{"@id":"https:\/\/ccj-boulogne.com\/index.php\/achat-places\/#primaryimage"},"thumbnailUrl":"https:\/\/ccj-boulogne.com\/wp-content\/uploads\/2022\/09\/ACJBB-CCJ92-Centre-Culturel-Juif-Boulogne-synagogue3-800.jpg","datePublished":"2020-12-29T12:05:23+00:00","dateModified":"2022-09-18T20:36:16+00:00","breadcrumb":{"@id":"https:\/\/ccj-boulogne.com\/index.php\/achat-places\/#breadcrumb"},"inLanguage":"fr-FR","potentialAction":[{"@type":"ReadAction","target":["https:\/\/ccj-boulogne.com\/index.php\/achat-places\/"]}]},{"@type":"ImageObject","inLanguage":"fr-FR","@id":"https:\/\/ccj-boulogne.com\/index.php\/achat-places\/#primaryimage","url":"https:\/\/ccj-boulogne.com\/wp-content\/uploads\/2022\/09\/ACJBB-CCJ92-Centre-Culturel-Juif-Boulogne-synagogue3-800.jpg","contentUrl":"https:\/\/ccj-boulogne.com\/wp-content\/uploads\/2022\/09\/ACJBB-CCJ92-Centre-Culturel-Juif-Boulogne-synagogue3-800.jpg","width":800,"height":533},{"@type":"BreadcrumbList","@id":"https:\/\/ccj-boulogne.com\/index.php\/achat-places\/#breadcrumb","itemListElement":[{"@type":"ListItem","position":1,"name":"Accueil","item":"https:\/\/ccj-boulogne.com\/"},{"@type":"ListItem","position":2,"name":"Achat de places"}]},{"@type":"WebSite","@id":"https:\/\/ccj-boulogne.com\/#website","url":"https:\/\/ccj-boulogne.com\/","name":"Le Centre Culturel Juif de Boulogne","description":"Le Centre Culturel Juif de Boulogne","publisher":{"@id":"https:\/\/ccj-boulogne.com\/#organization"},"potentialAction":[{"@type":"SearchAction","target":{"@type":"EntryPoint","urlTemplate":"https:\/\/ccj-boulogne.com\/?s={search_term_string}"},"query-input":{"@type":"PropertyValueSpecification","valueRequired":true,"valueName":"search_term_string"}}],"inLanguage":"fr-FR"},{"@type":"Organization","@id":"https:\/\/ccj-boulogne.com\/#organization","name":"Le Centre Culturel Juif de Boulogne","url":"https:\/\/ccj-boulogne.com\/","logo":{"@type":"ImageObject","inLanguage":"fr-FR","@id":"https:\/\/ccj-boulogne.com\/#\/schema\/logo\/image\/","url":"https:\/\/ccj-boulogne.com\/wp-content\/uploads\/2020\/12\/Logo-Centre-Cultrel-Juif-Boulogne-blanc.jpg","contentUrl":"https:\/\/ccj-boulogne.com\/wp-content\/uploads\/2020\/12\/Logo-Centre-Cultrel-Juif-Boulogne-blanc.jpg","width":1575,"height":1575,"caption":"Le Centre Culturel Juif de Boulogne"},"image":{"@id":"https:\/\/ccj-boulogne.com\/#\/schema\/logo\/image\/"}}]}},"jetpack_sharing_enabled":true,"_links":{"self":[{"href":"https:\/\/ccj-boulogne.com\/index.php\/wp-json\/wp\/v2\/pages\/46","targetHints":{"allow":["GET"]}}],"collection":[{"href":"https:\/\/ccj-boulogne.com\/index.php\/wp-json\/wp\/v2\/pages"}],"about":[{"href":"https:\/\/ccj-boulogne.com\/index.php\/wp-json\/wp\/v2\/types\/page"}],"author":[{"embeddable":true,"href":"https:\/\/ccj-boulogne.com\/index.php\/wp-json\/wp\/v2\/users\/1"}],"replies":[{"embeddable":true,"href":"https:\/\/ccj-boulogne.com\/index.php\/wp-json\/wp\/v2\/comments?post=46"}],"version-history":[{"count":7,"href":"https:\/\/ccj-boulogne.com\/index.php\/wp-json\/wp\/v2\/pages\/46\/revisions"}],"predecessor-version":[{"id":341,"href":"https:\/\/ccj-boulogne.com\/index.php\/wp-json\/wp\/v2\/pages\/46\/revisions\/341"}],"wp:featuredmedia":[{"embeddable":true,"href":"https:\/\/ccj-boulogne.com\/index.php\/wp-json\/wp\/v2\/media\/340"}],"wp:attachment":[{"href":"https:\/\/ccj-boulogne.com\/index.php\/wp-json\/wp\/v2\/media?parent=46"}],"curies":[{"name":"wp","href":"https:\/\/api.w.org\/{rel}","templated":true}]}}